{"id":2,"date":"2020-08-03T16:52:07","date_gmt":"2020-08-03T19:52:07","guid":{"rendered":"https:\/\/mipayo.com\/blog\/?page_id=2"},"modified":"2020-08-03T20:54:12","modified_gmt":"2020-08-03T23:54:12","slug":"ebook-como-retirar-en-uruguay-con-payoneer","status":"publish","type":"page","link":"https:\/\/mipayo.com\/blog\/ebook-como-retirar-en-uruguay-con-payoneer\/","title":{"rendered":"eBook: C\u00f3mo Retirar en Uruguay"},"content":{"rendered":"\n<div class=\"wp-block-image\"><figure class=\"aligncenter\"><img decoding=\"async\" src=\"http:\/\/mipayo.com\/blog\/wp-content\/uploads\/2018\/08\/ebook-promo.jpg\" alt=\"ebook-promo\" class=\"wp-image-363\"\/><\/figure><\/div>\n\n\n\n<p>Hace 10 a\u00f1os que soy freelance y m\u00e1s de 5 que viajo a Uruguay para retirar mis ganancias de Payoneer. En este ebook vas a encontrar de&nbsp;<strong>forma resumida todos los conocimientos necesarios para viajar al pa\u00eds vecino y volver con tus d\u00f3lares al menor costo posible.<\/strong><\/p>\n\n\n\n<p><strong>\u00bfPara qui\u00e9n es este libro?<\/strong><\/p>\n\n\n\n<p>Para cualquiera que tenga una tarjeta extranjera como Payoneer y quiera extraer sus ganancias en d\u00f3lares.<\/p>\n\n\n\n<p>Vas a aprender:<\/p>\n\n\n\n<ul class=\"wp-block-list\"><li>A conseguir el pasaje m\u00e1s barato.<\/li><li>A retirar por ventanilla y cajero.<\/li><li>Redes Wifi con clave para ahorrar en datos.<\/li><\/ul>\n\n\n\n<p><strong>Bonus:<\/strong>&nbsp;versi\u00f3n mobile para leer de forma sencilla cuando viaj\u00e1s!<\/p>\n\n\n\n<figure class=\"wp-block-image\"><img decoding=\"async\" src=\"http:\/\/mipayo.com\/blog\/wp-content\/uploads\/2018\/08\/thumb-2.jpg\" alt=\"\"\/><\/figure>\n\n\n<div><a href=\"https:\/\/mipayo.com\/blog\/?iproduct=384\"><button><span>Compralo ahora a solo $15<\/span><\/button><\/a><\/div>","protected":false},"excerpt":{"rendered":"<p>Hace 10 a\u00f1os que soy freelance y m\u00e1s de 5 que viajo a Uruguay para retirar mis ganancias de Payoneer. En este ebook vas a encontrar de&nbsp;forma resumida todos los conocimientos necesarios para viajar al pa\u00eds vecino y volver con tus d\u00f3lares al menor costo posible. \u00bfPara qui\u00e9n es este . . . <a class=\"readmore-link\" href=\"https:\/\/mipayo.com\/blog\/ebook-como-retirar-en-uruguay-con-payoneer\/\">Leer m\u00e1s<\/a><\/p>\n","protected":false},"author":1,"featured_media":0,"parent":0,"menu_order":0,"comment_status":"closed","ping_status":"open","template":"","meta":{"_bbp_topic_count":0,"_bbp_reply_count":0,"_bbp_total_topic_count":0,"_bbp_total_reply_count":0,"_bbp_voice_count":0,"_bbp_anonymous_reply_count":0,"_bbp_topic_count_hidden":0,"_bbp_reply_count_hidden":0,"_bbp_forum_subforum_count":0,"footnotes":""},"class_list":["post-2","page","type-page","status-publish","hentry","clearfix"],"yoast_head":"<!-- This site is optimized with the Yoast SEO plugin v24.5 - https:\/\/yoast.com\/wordpress\/plugins\/seo\/ -->\n<title>eBook: C\u00f3mo Retirar en Uruguay - MiPayo<\/title>\n<meta name=\"robots\" content=\"index, follow, max-snippet:-1, max-image-preview:large, max-video-preview:-1\" \/>\n<link rel=\"canonical\" href=\"https:\/\/mipayo.com\/blog\/ebook-como-retirar-en-uruguay-con-payoneer\/\" \/>\n<meta property=\"og:locale\" content=\"es_ES\" \/>\n<meta property=\"og:type\" content=\"article\" \/>\n<meta property=\"og:title\" content=\"eBook: C\u00f3mo Retirar en Uruguay - MiPayo\" \/>\n<meta property=\"og:description\" content=\"Hace 10 a\u00f1os que soy freelance y m\u00e1s de 5 que viajo a Uruguay para retirar mis ganancias de Payoneer. En este ebook vas a encontrar de&nbsp;forma resumida todos los conocimientos necesarios para viajar al pa\u00eds vecino y volver con tus d\u00f3lares al menor costo posible. \u00bfPara qui\u00e9n es este . . . Leer m\u00e1s\" \/>\n<meta property=\"og:url\" content=\"https:\/\/mipayo.com\/blog\/ebook-como-retirar-en-uruguay-con-payoneer\/\" \/>\n<meta property=\"og:site_name\" content=\"MiPayo\" \/>\n<meta property=\"article:modified_time\" content=\"2020-08-03T23:54:12+00:00\" \/>\n<meta property=\"og:image\" content=\"http:\/\/mipayo.com\/blog\/wp-content\/uploads\/2018\/08\/ebook-promo.jpg\" \/>\n<meta name=\"twitter:card\" content=\"summary_large_image\" \/>\n<meta name=\"twitter:label1\" content=\"Tiempo de lectura\" \/>\n\t<meta name=\"twitter:data1\" content=\"1 minuto\" \/>\n<script type=\"application\/ld+json\" class=\"yoast-schema-graph\">{\"@context\":\"https:\/\/schema.org\",\"@graph\":[{\"@type\":\"WebPage\",\"@id\":\"https:\/\/mipayo.com\/blog\/ebook-como-retirar-en-uruguay-con-payoneer\/\",\"url\":\"https:\/\/mipayo.com\/blog\/ebook-como-retirar-en-uruguay-con-payoneer\/\",\"name\":\"eBook: C\u00f3mo Retirar en Uruguay - MiPayo\",\"isPartOf\":{\"@id\":\"https:\/\/mipayo.com\/blog\/#website\"},\"primaryImageOfPage\":{\"@id\":\"https:\/\/mipayo.com\/blog\/ebook-como-retirar-en-uruguay-con-payoneer\/#primaryimage\"},\"image\":{\"@id\":\"https:\/\/mipayo.com\/blog\/ebook-como-retirar-en-uruguay-con-payoneer\/#primaryimage\"},\"thumbnailUrl\":\"http:\/\/mipayo.com\/blog\/wp-content\/uploads\/2018\/08\/ebook-promo.jpg\",\"datePublished\":\"2020-08-03T19:52:07+00:00\",\"dateModified\":\"2020-08-03T23:54:12+00:00\",\"breadcrumb\":{\"@id\":\"https:\/\/mipayo.com\/blog\/ebook-como-retirar-en-uruguay-con-payoneer\/#breadcrumb\"},\"inLanguage\":\"es-AR\",\"potentialAction\":[{\"@type\":\"ReadAction\",\"target\":[\"https:\/\/mipayo.com\/blog\/ebook-como-retirar-en-uruguay-con-payoneer\/\"]}]},{\"@type\":\"ImageObject\",\"inLanguage\":\"es-AR\",\"@id\":\"https:\/\/mipayo.com\/blog\/ebook-como-retirar-en-uruguay-con-payoneer\/#primaryimage\",\"url\":\"http:\/\/mipayo.com\/blog\/wp-content\/uploads\/2018\/08\/ebook-promo.jpg\",\"contentUrl\":\"http:\/\/mipayo.com\/blog\/wp-content\/uploads\/2018\/08\/ebook-promo.jpg\"},{\"@type\":\"BreadcrumbList\",\"@id\":\"https:\/\/mipayo.com\/blog\/ebook-como-retirar-en-uruguay-con-payoneer\/#breadcrumb\",\"itemListElement\":[{\"@type\":\"ListItem\",\"position\":1,\"name\":\"Inicio\",\"item\":\"https:\/\/mipayo.com\/blog\/\"},{\"@type\":\"ListItem\",\"position\":2,\"name\":\"eBook: C\u00f3mo Retirar en Uruguay\"}]},{\"@type\":\"WebSite\",\"@id\":\"https:\/\/mipayo.com\/blog\/#website\",\"url\":\"https:\/\/mipayo.com\/blog\/\",\"name\":\"MiPayo\",\"description\":\"\",\"publisher\":{\"@id\":\"https:\/\/mipayo.com\/blog\/#organization\"},\"potentialAction\":[{\"@type\":\"SearchAction\",\"target\":{\"@type\":\"EntryPoint\",\"urlTemplate\":\"https:\/\/mipayo.com\/blog\/?s={search_term_string}\"},\"query-input\":{\"@type\":\"PropertyValueSpecification\",\"valueRequired\":true,\"valueName\":\"search_term_string\"}}],\"inLanguage\":\"es-AR\"},{\"@type\":\"Organization\",\"@id\":\"https:\/\/mipayo.com\/blog\/#organization\",\"name\":\"MiPayo\",\"url\":\"https:\/\/mipayo.com\/blog\/\",\"logo\":{\"@type\":\"ImageObject\",\"inLanguage\":\"es-AR\",\"@id\":\"https:\/\/mipayo.com\/blog\/#\/schema\/logo\/image\/\",\"url\":\"https:\/\/mipayo.com\/blog\/wp-content\/uploads\/2020\/08\/mplogo2020blog.png\",\"contentUrl\":\"https:\/\/mipayo.com\/blog\/wp-content\/uploads\/2020\/08\/mplogo2020blog.png\",\"width\":170,\"height\":32,\"caption\":\"MiPayo\"},\"image\":{\"@id\":\"https:\/\/mipayo.com\/blog\/#\/schema\/logo\/image\/\"}}]}<\/script>\n<!-- \/ Yoast SEO plugin. -->","yoast_head_json":{"title":"eBook: C\u00f3mo Retirar en Uruguay - MiPayo","robots":{"index":"index","follow":"follow","max-snippet":"max-snippet:-1","max-image-preview":"max-image-preview:large","max-video-preview":"max-video-preview:-1"},"canonical":"https:\/\/mipayo.com\/blog\/ebook-como-retirar-en-uruguay-con-payoneer\/","og_locale":"es_ES","og_type":"article","og_title":"eBook: C\u00f3mo Retirar en Uruguay - MiPayo","og_description":"Hace 10 a\u00f1os que soy freelance y m\u00e1s de 5 que viajo a Uruguay para retirar mis ganancias de Payoneer. En este ebook vas a encontrar de&nbsp;forma resumida todos los conocimientos necesarios para viajar al pa\u00eds vecino y volver con tus d\u00f3lares al menor costo posible. \u00bfPara qui\u00e9n es este . . . Leer m\u00e1s","og_url":"https:\/\/mipayo.com\/blog\/ebook-como-retirar-en-uruguay-con-payoneer\/","og_site_name":"MiPayo","article_modified_time":"2020-08-03T23:54:12+00:00","og_image":[{"url":"http:\/\/mipayo.com\/blog\/wp-content\/uploads\/2018\/08\/ebook-promo.jpg","type":"","width":"","height":""}],"twitter_card":"summary_large_image","twitter_misc":{"Tiempo de lectura":"1 minuto"},"schema":{"@context":"https:\/\/schema.org","@graph":[{"@type":"WebPage","@id":"https:\/\/mipayo.com\/blog\/ebook-como-retirar-en-uruguay-con-payoneer\/","url":"https:\/\/mipayo.com\/blog\/ebook-como-retirar-en-uruguay-con-payoneer\/","name":"eBook: C\u00f3mo Retirar en Uruguay - MiPayo","isPartOf":{"@id":"https:\/\/mipayo.com\/blog\/#website"},"primaryImageOfPage":{"@id":"https:\/\/mipayo.com\/blog\/ebook-como-retirar-en-uruguay-con-payoneer\/#primaryimage"},"image":{"@id":"https:\/\/mipayo.com\/blog\/ebook-como-retirar-en-uruguay-con-payoneer\/#primaryimage"},"thumbnailUrl":"http:\/\/mipayo.com\/blog\/wp-content\/uploads\/2018\/08\/ebook-promo.jpg","datePublished":"2020-08-03T19:52:07+00:00","dateModified":"2020-08-03T23:54:12+00:00","breadcrumb":{"@id":"https:\/\/mipayo.com\/blog\/ebook-como-retirar-en-uruguay-con-payoneer\/#breadcrumb"},"inLanguage":"es-AR","potentialAction":[{"@type":"ReadAction","target":["https:\/\/mipayo.com\/blog\/ebook-como-retirar-en-uruguay-con-payoneer\/"]}]},{"@type":"ImageObject","inLanguage":"es-AR","@id":"https:\/\/mipayo.com\/blog\/ebook-como-retirar-en-uruguay-con-payoneer\/#primaryimage","url":"http:\/\/mipayo.com\/blog\/wp-content\/uploads\/2018\/08\/ebook-promo.jpg","contentUrl":"http:\/\/mipayo.com\/blog\/wp-content\/uploads\/2018\/08\/ebook-promo.jpg"},{"@type":"BreadcrumbList","@id":"https:\/\/mipayo.com\/blog\/ebook-como-retirar-en-uruguay-con-payoneer\/#breadcrumb","itemListElement":[{"@type":"ListItem","position":1,"name":"Inicio","item":"https:\/\/mipayo.com\/blog\/"},{"@type":"ListItem","position":2,"name":"eBook: C\u00f3mo Retirar en Uruguay"}]},{"@type":"WebSite","@id":"https:\/\/mipayo.com\/blog\/#website","url":"https:\/\/mipayo.com\/blog\/","name":"MiPayo","description":"","publisher":{"@id":"https:\/\/mipayo.com\/blog\/#organization"},"potentialAction":[{"@type":"SearchAction","target":{"@type":"EntryPoint","urlTemplate":"https:\/\/mipayo.com\/blog\/?s={search_term_string}"},"query-input":{"@type":"PropertyValueSpecification","valueRequired":true,"valueName":"search_term_string"}}],"inLanguage":"es-AR"},{"@type":"Organization","@id":"https:\/\/mipayo.com\/blog\/#organization","name":"MiPayo","url":"https:\/\/mipayo.com\/blog\/","logo":{"@type":"ImageObject","inLanguage":"es-AR","@id":"https:\/\/mipayo.com\/blog\/#\/schema\/logo\/image\/","url":"https:\/\/mipayo.com\/blog\/wp-content\/uploads\/2020\/08\/mplogo2020blog.png","contentUrl":"https:\/\/mipayo.com\/blog\/wp-content\/uploads\/2020\/08\/mplogo2020blog.png","width":170,"height":32,"caption":"MiPayo"},"image":{"@id":"https:\/\/mipayo.com\/blog\/#\/schema\/logo\/image\/"}}]}},"_links":{"self":[{"href":"https:\/\/mipayo.com\/blog\/wp-json\/wp\/v2\/pages\/2","targetHints":{"allow":["GET"]}}],"collection":[{"href":"https:\/\/mipayo.com\/blog\/wp-json\/wp\/v2\/pages"}],"about":[{"href":"https:\/\/mipayo.com\/blog\/wp-json\/wp\/v2\/types\/page"}],"author":[{"embeddable":true,"href":"https:\/\/mipayo.com\/blog\/wp-json\/wp\/v2\/users\/1"}],"replies":[{"embeddable":true,"href":"https:\/\/mipayo.com\/blog\/wp-json\/wp\/v2\/comments?post=2"}],"version-history":[{"count":4,"href":"https:\/\/mipayo.com\/blog\/wp-json\/wp\/v2\/pages\/2\/revisions"}],"predecessor-version":[{"id":686,"href":"https:\/\/mipayo.com\/blog\/wp-json\/wp\/v2\/pages\/2\/revisions\/686"}],"wp:attachment":[{"href":"https:\/\/mipayo.com\/blog\/wp-json\/wp\/v2\/media?parent=2"}],"curies":[{"name":"wp","href":"https:\/\/api.w.org\/{rel}","templated":true}]}}